{"id":138,"date":"2020-01-27T12:39:20","date_gmt":"2020-01-27T11:39:20","guid":{"rendered":"http:\/\/dubreuil-architecture.com\/?page_id=138"},"modified":"2025-06-13T08:20:38","modified_gmt":"2025-06-13T06:20:38","slug":"contact","status":"publish","type":"page","link":"https:\/\/dubreuil-architecture.com\/?page_id=138","title":{"rendered":"Contact"},"content":{"rendered":"\n<p class=\"has-x-small-font-size\"><strong>Maguelone Dubreuil <\/strong><br>M : <strong>+33 6 62 01 08 51<\/strong><br>e-mail : <strong>contact@dubreuil-architecture.com<\/strong><br>Linkedin : www.linkedin.com\/in\/maguelone-dubreuil-462abb88<br>Instagram : <a href=\"https:\/\/www.instagram.com\/magdubreuilarchitecture\/\">https:\/\/www.instagram.com\/magdubreuilarchitecture\/<\/a><\/p>\n\n\n\n<p class=\"has-x-small-font-size\"><br><strong>Recrutement<\/strong> <br>Rejoignez une \u00e9quipe cr\u00e9ative en pleine expansion ! Si vous \u00eates architecte ou architecte d\u2019int\u00e9rieur, et que vous souhaitez contribuer \u00e0 des projets innovants, envoyez-nous votre candidature par e-mail. L\u2019agence est en qu\u00eate de profils d&rsquo;exception pour enrichir ses \u00e9quipes.<\/p>\n\n\n\n<p class=\"has-x-small-font-size\"><strong>Locaux<\/strong><br>> 116 rue du Bac 75007 Paris<\/p>\n\n\n\n<p class=\"has-x-small-font-size\"><\/p>\n\n\n\n<figure class=\"wp-block-image size-large is-resized\"><img loading=\"lazy\" decoding=\"async\" width=\"1024\" height=\"767\" src=\"http:\/\/dubreuil-architecture.com\/wp-content\/uploads\/2020\/01\/Carte-de-visite-MDA-1024x767.jpg\" alt=\"\" class=\"wp-image-229\" style=\"width:347px;height:auto\" srcset=\"https:\/\/dubreuil-architecture.com\/wp-content\/uploads\/2020\/01\/Carte-de-visite-MDA-1024x767.jpg 1024w, https:\/\/dubreuil-architecture.com\/wp-content\/uploads\/2020\/01\/Carte-de-visite-MDA-300x225.jpg 300w, https:\/\/dubreuil-architecture.com\/wp-content\/uploads\/2020\/01\/Carte-de-visite-MDA-768x575.jpg 768w, https:\/\/dubreuil-architecture.com\/wp-content\/uploads\/2020\/01\/Carte-de-visite-MDA-1536x1150.jpg 1536w, https:\/\/dubreuil-architecture.com\/wp-content\/uploads\/2020\/01\/Carte-de-visite-MDA.jpg 2000w\" sizes=\"auto, (max-width: 1024px) 100vw, 1024px\" \/><\/figure>\n\n\n\n<p><\/p>\n","protected":false},"excerpt":{"rendered":"<p>Maguelone Dubreuil M : +33 6 62 01 08 51e-mail : contact@dubreuil-architecture.comLinkedin : www.linkedin.com\/in\/maguelone-dubreuil-462abb88Instagram : https:\/\/www.instagram.com\/magdubreuilarchitecture\/ Recrutement Rejoignez une \u00e9quipe cr\u00e9ative en pleine expansion ! Si vous \u00eates architecte ou architecte d\u2019int\u00e9rieur, et que vous souhaitez contribuer \u00e0 des projets innovants, envoyez-nous votre candidature par e-mail. L\u2019agence est en qu\u00eate de profils d&rsquo;exception pour enrichir &hellip; <\/p>\n<p class=\"link-more\"><a href=\"https:\/\/dubreuil-architecture.com\/?page_id=138\" class=\"more-link\">Lire la suite de<span class=\"screen-reader-text\">\u00ab\u00a0Contact\u00a0\u00bb<\/span><\/a><\/p>\n","protected":false},"author":1,"featured_media":0,"parent":0,"menu_order":0,"comment_status":"closed","ping_status":"closed","template":"","meta":{"footnotes":""},"class_list":["post-138","page","type-page","status-publish","hentry"],"_links":{"self":[{"href":"https:\/\/dubreuil-architecture.com\/index.php?rest_route=\/wp\/v2\/pages\/138","targetHints":{"allow":["GET"]}}],"collection":[{"href":"https:\/\/dubreuil-architecture.com\/index.php?rest_route=\/wp\/v2\/pages"}],"about":[{"href":"https:\/\/dubreuil-architecture.com\/index.php?rest_route=\/wp\/v2\/types\/page"}],"author":[{"embeddable":true,"href":"https:\/\/dubreuil-architecture.com\/index.php?rest_route=\/wp\/v2\/users\/1"}],"replies":[{"embeddable":true,"href":"https:\/\/dubreuil-architecture.com\/index.php?rest_route=%2Fwp%2Fv2%2Fcomments&post=138"}],"version-history":[{"count":22,"href":"https:\/\/dubreuil-architecture.com\/index.php?rest_route=\/wp\/v2\/pages\/138\/revisions"}],"predecessor-version":[{"id":912,"href":"https:\/\/dubreuil-architecture.com\/index.php?rest_route=\/wp\/v2\/pages\/138\/revisions\/912"}],"wp:attachment":[{"href":"https:\/\/dubreuil-architecture.com\/index.php?rest_route=%2Fwp%2Fv2%2Fmedia&parent=138"}],"curies":[{"name":"wp","href":"https:\/\/api.w.org\/{rel}","templated":true}]}}