{"id":533,"date":"2025-02-24T21:34:37","date_gmt":"2025-02-24T20:34:37","guid":{"rendered":"https:\/\/dubreuil-architecture.com\/?page_id=533"},"modified":"2025-02-25T20:57:54","modified_gmt":"2025-02-25T19:57:54","slug":"projets-2","status":"publish","type":"page","link":"https:\/\/dubreuil-architecture.com\/?page_id=533","title":{"rendered":"Projets"},"content":{"rendered":"\n<p>Chaque projet est une immersion dans un univers unique, con\u00e7u avec exigence et cr\u00e9ativit\u00e9. D\u00e9couvrez des boutiques raffin\u00e9es, des showrooms audacieux, des bureaux \u00e9l\u00e9gants et des appartements d&rsquo;exception. Chaque espace raconte une histoire et refl\u00e8te l\u2019identit\u00e9 de nos clients.<\/p>\n\n\n\n<p>Parcourez nos diff\u00e9rentes cat\u00e9gories et filtrez les projets selon vos envies. Que vous soyez attir\u00e9 par le luxe, le retail, les espaces professionnels ou les concepts novateurs, cliquez sur les r\u00e9alisations qui vous inspirent et plongez dans notre vision architecturale.<\/p>\n\n\n\n<p><strong>S\u00e9lectionnez une cat\u00e9gorie ou explorez librement nos cr\u00e9ations !<\/strong><\/p>\n\n\n\n<p><br><strong>Voici nos derniers projets<\/strong> : <\/p>\n\n\n<ul class=\"wp-block-latest-posts__list wp-block-latest-posts\"><li><a class=\"wp-block-latest-posts__post-title\" href=\"https:\/\/dubreuil-architecture.com\/?p=796\">SAINT LAURENT Rive Droite<\/a><\/li>\n<li><a class=\"wp-block-latest-posts__post-title\" href=\"https:\/\/dubreuil-architecture.com\/?p=786\">CHANEL Park Avenue<\/a><\/li>\n<li><a class=\"wp-block-latest-posts__post-title\" href=\"https:\/\/dubreuil-architecture.com\/?p=775\">SAINT LAURENT Park Avenue<\/a><\/li>\n<li><a class=\"wp-block-latest-posts__post-title\" href=\"https:\/\/dubreuil-architecture.com\/?p=767\">CHANEL La Mistral\u00e9e<\/a><\/li>\n<li><a class=\"wp-block-latest-posts__post-title\" href=\"https:\/\/dubreuil-architecture.com\/?p=722\">SAINT LAURENT Champs-Elys\u00e9es<\/a><\/li>\n<\/ul>\n\n\n<p><strong>Et voici nos cat\u00e9gories :<\/strong><\/p>\n\n\n<ul class=\"wp-block-categories-list wp-block-categories\">\t<li class=\"cat-item cat-item-13\"><a href=\"https:\/\/dubreuil-architecture.com\/?cat=13\">Boutiques<\/a>\n<\/li>\n\t<li class=\"cat-item cat-item-12\"><a href=\"https:\/\/dubreuil-architecture.com\/?cat=12\">Bureaux et Show-room<\/a>\n<\/li>\n\t<li class=\"cat-item cat-item-15\"><a href=\"https:\/\/dubreuil-architecture.com\/?cat=15\">Design<\/a>\n<\/li>\n\t<li class=\"cat-item cat-item-11\"><a href=\"https:\/\/dubreuil-architecture.com\/?cat=11\">Grands magasins<\/a>\n<\/li>\n\t<li class=\"cat-item cat-item-16\"><a href=\"https:\/\/dubreuil-architecture.com\/?cat=16\">R\u00e9sidentiel<\/a>\n<\/li>\n<\/ul>","protected":false},"excerpt":{"rendered":"<p>Chaque projet est une immersion dans un univers unique, con\u00e7u avec exigence et cr\u00e9ativit\u00e9. D\u00e9couvrez des boutiques raffin\u00e9es, des showrooms audacieux, des bureaux \u00e9l\u00e9gants et des appartements d&rsquo;exception. Chaque espace raconte une histoire et refl\u00e8te l\u2019identit\u00e9 de nos clients. Parcourez nos diff\u00e9rentes cat\u00e9gories et filtrez les projets selon vos envies. Que vous soyez attir\u00e9 par &hellip; <\/p>\n<p class=\"link-more\"><a href=\"https:\/\/dubreuil-architecture.com\/?page_id=533\" class=\"more-link\">Lire la suite de<span class=\"screen-reader-text\">\u00ab\u00a0Projets\u00a0\u00bb<\/span><\/a><\/p>\n","protected":false},"author":1,"featured_media":0,"parent":0,"menu_order":0,"comment_status":"closed","ping_status":"closed","template":"","meta":{"footnotes":""},"class_list":["post-533","page","type-page","status-publish","hentry"],"_links":{"self":[{"href":"https:\/\/dubreuil-architecture.com\/index.php?rest_route=\/wp\/v2\/pages\/533","targetHints":{"allow":["GET"]}}],"collection":[{"href":"https:\/\/dubreuil-architecture.com\/index.php?rest_route=\/wp\/v2\/pages"}],"about":[{"href":"https:\/\/dubreuil-architecture.com\/index.php?rest_route=\/wp\/v2\/types\/page"}],"author":[{"embeddable":true,"href":"https:\/\/dubreuil-architecture.com\/index.php?rest_route=\/wp\/v2\/users\/1"}],"replies":[{"embeddable":true,"href":"https:\/\/dubreuil-architecture.com\/index.php?rest_route=%2Fwp%2Fv2%2Fcomments&post=533"}],"version-history":[{"count":5,"href":"https:\/\/dubreuil-architecture.com\/index.php?rest_route=\/wp\/v2\/pages\/533\/revisions"}],"predecessor-version":[{"id":661,"href":"https:\/\/dubreuil-architecture.com\/index.php?rest_route=\/wp\/v2\/pages\/533\/revisions\/661"}],"wp:attachment":[{"href":"https:\/\/dubreuil-architecture.com\/index.php?rest_route=%2Fwp%2Fv2%2Fmedia&parent=533"}],"curies":[{"name":"wp","href":"https:\/\/api.w.org\/{rel}","templated":true}]}}